{"id":26750,"date":"2021-07-06T19:03:56","date_gmt":"2021-07-06T19:03:56","guid":{"rendered":"https:\/\/www.climarabais.com\/product\/19-seer-wall-heat-pump-by-goodman-18000-btu\/"},"modified":"2025-03-31T17:10:08","modified_gmt":"2025-03-31T17:10:08","slug":"wall-mounted-heat-pump-19-seer-by-goodman-18-000-btu","status":"publish","type":"product","link":"https:\/\/www.climarabais.com\/en\/product\/wall-mounted-heat-pump-19-seer-by-goodman-18-000-btu\/","title":{"rendered":"19 Seer Wall Heat Pump by Goodman \u2013 18,000 BTU"},"content":{"rendered":"<p style=\"margin: 0in; font-family: Calibri; font-size: 11.0pt;\">SERIES 19 Models<\/p>\n<p style=\"margin: 0in; font-family: Calibri; font-size: 11.0pt;\">The 19 series offers air conditioning systems and heat pumps. Affordable and convenient, Goodman ductless systems<\/p>\n<p style=\"margin: 0in; font-family: Calibri; font-size: 11.0pt;\">provide quiet operation that will help improve day-to-day comfort.<\/p>\n<p style=\"margin: 0in; font-family: Calibri; font-size: 11.0pt;\">Goodman\u00ae is a renowned company in air conditioning, heating and<\/p>\n<p style=\"margin: 0in; font-family: Calibri; font-size: 11.0pt;\">energy efficiency for the comfort of your home.<\/p>\n<p style=\"margin: 0in; font-family: Calibri; font-size: 11.0pt;\">So no matter where you live or the size of your home Goodman has a solution for<\/p>\n<p style=\"margin: 0in; font-family: Calibri; font-size: 11.0pt;\">improve comfort.<\/p>\n<p style=\"margin: 0in; font-family: Calibri; font-size: 11.0pt;\">Energy efficient<\/p>\n<p style=\"margin: 0in; font-family: Calibri; font-size: 11.0pt;\">Goodman units are designed with variable speed inverter technology to gradually regulate temperatures<\/p>\n<p style=\"margin: 0in; font-family: Calibri; font-size: 11.0pt;\">interiors, which ensures effective and uniform temperature control throughout the year. They constitute a<\/p>\n<p style=\"margin: 0in; font-family: Calibri; font-size: 11.0pt;\">energy-efficient solution to help you regain control of your indoor comfort and meet a variety of energy challenges.<\/p>\n<p style=\"margin: 0in; font-family: Calibri; font-size: 11.0pt;\">heating and air conditioning. In the absence of a duct, the air conditioning is delivered directly to you.<\/p>\n<p style=\"margin: 0in; font-family: Calibri; font-size: 11.0pt;\">ONCE YOU CHOOSE THE GOODMAN\u00ae BRAND,<\/p>\n<p style=\"margin: 0in; font-family: Calibri; font-size: 11.0pt;\">YOU WILL PROBABLY BE A FOLLOWER FOR LIFE!<\/p>\n<p style=\"margin: 0in; font-family: Calibri; font-size: 11.0pt;\">Millions of homeowners across America<\/p>\n<p style=\"margin: 0in; font-family: Calibri; font-size: 11.0pt;\">North are already convinced.<\/p>\n<p style=\"margin: 0in; font-family: Calibri; font-size: 11.0pt;\">Once you have chosen the Goodman brand, you will be<\/p>\n<p style=\"margin: 0in; font-family: Calibri; font-size: 11.0pt;\">probably a follower for life!<\/p>\n<p style=\"margin: 0in; font-family: Calibri; font-size: 11.0pt;\">See why people say, \u201cThank goodness for Goodman\u00ae. \u00bb<\/p>\n<p>*To qualify for financial assistance under the LogisVert program, the equipment must be installed by a contractor holding a valid license from the R\u00e9gie du b\u00e2timent du Qu\u00e9bec (RBQ). Make sure you choose a certified installer to take full advantage of the subsidy!<br \/>\n5-YEAR LIMITED WARRANTY* COMPRESSOR<\/p>\n<p>1-YEAR LIMITED WARRANTY* ON PARTS<\/p>\n","protected":false},"excerpt":{"rendered":"<p>Evaporator: MSH183E19AXAA<br \/>\nCondenser: MSH183E19MCAA<\/p>\n<p>*Eligible for a $550 grant<\/p>\n<p>Voltage: 208v-230v<br \/>\nFuse: 20<\/p>\n<p>Max Line: 98<br \/>\nMax Elevation: 66<br \/>\nLine Size: 1\/4 -1\/2<\/p>\n<p>Dimension: 38.0 x 8.5 x 12.6<\/p>\n","protected":false},"featured_media":26506,"template":"","meta":{"_et_pb_use_builder":"","_et_pb_old_content":"","_et_gb_content_width":""},"product_brand":[],"product_cat":[78,77],"product_tag":[],"class_list":{"0":"post-26750","1":"product","2":"type-product","3":"status-publish","4":"has-post-thumbnail","6":"product_cat-18000-btus","7":"product_cat-heat-pumps","9":"first","10":"instock","11":"sale","12":"taxable","13":"shipping-taxable","14":"purchasable","15":"product-type-simple"},"_links":{"self":[{"href":"https:\/\/www.climarabais.com\/en\/wp-json\/wp\/v2\/product\/26750","targetHints":{"allow":["GET"]}}],"collection":[{"href":"https:\/\/www.climarabais.com\/en\/wp-json\/wp\/v2\/product"}],"about":[{"href":"https:\/\/www.climarabais.com\/en\/wp-json\/wp\/v2\/types\/product"}],"wp:featuredmedia":[{"embeddable":true,"href":"https:\/\/www.climarabais.com\/en\/wp-json\/wp\/v2\/media\/26506"}],"wp:attachment":[{"href":"https:\/\/www.climarabais.com\/en\/wp-json\/wp\/v2\/media?parent=26750"}],"wp:term":[{"taxonomy":"product_brand","embeddable":true,"href":"https:\/\/www.climarabais.com\/en\/wp-json\/wp\/v2\/product_brand?post=26750"},{"taxonomy":"product_cat","embeddable":true,"href":"https:\/\/www.climarabais.com\/en\/wp-json\/wp\/v2\/product_cat?post=26750"},{"taxonomy":"product_tag","embeddable":true,"href":"https:\/\/www.climarabais.com\/en\/wp-json\/wp\/v2\/product_tag?post=26750"}],"curies":[{"name":"wp","href":"https:\/\/api.w.org\/{rel}","templated":true}]}}